{"id":272,"date":"2020-08-08T16:24:00","date_gmt":"2020-08-08T16:24:00","guid":{"rendered":"https:\/\/bolden.secondlinethemes.com\/?page_id=272"},"modified":"2025-10-31T15:48:42","modified_gmt":"2025-10-31T14:48:42","slug":"about-us","status":"publish","type":"page","link":"https:\/\/podcastorto.it\/index.php\/about-us\/","title":{"rendered":"Chi siamo"},"content":{"rendered":"\t\t<div data-elementor-type=\"wp-post\" data-elementor-id=\"272\" class=\"elementor elementor-272\">\n\t\t\t\t\t\t<section class=\"elementor-section elementor-top-section elementor-element elementor-element-22d19fa elementor-section-full_width elementor-section-height-default elementor-section-height-default\" data-id=\"22d19fa\" data-element_type=\"section\">\n\t\t\t\t\t\t<div class=\"elementor-container elementor-column-gap-default\">\n\t\t\t\t\t<div class=\"elementor-column elementor-col-100 elementor-top-column elementor-element elementor-element-c54ae90\" data-id=\"c54ae90\" data-element_type=\"column\">\n\t\t\t<div class=\"elementor-widget-wrap elementor-element-populated\">\n\t\t\t\t\t\t<div class=\"elementor-element elementor-element-8029191 elementor-widget elementor-widget-text-editor\" data-id=\"8029191\" data-element_type=\"widget\" data-widget_type=\"text-editor.default\">\n\t\t\t\t\t\t\t\t\t<p align=\"left\"><span style=\"font-size: medium;\"><span style=\"font-family: var font-Work-Sans;\"><span style=\"color: #ffffff;\">I<\/span><\/span><span style=\"font-family: var font-Work-Sans;\">nizialmente, nel 2017, \u201cDalla parte del torto\u201d era il titolo di una trasmissione notturna (e del gruppetto di volontari che la realizzava) di Radio Impegno, la web radio che trasmetteva dal Campo dei miracoli di Corviale a Roma.<\/span><\/span><\/p><p align=\"left\"><span style=\"font-size: medium;\"><span style=\"font-family: var font-Work-Sans;\"><span style=\"color: #ffffff;\">Dopo l\u2019esaurimento di quella bellissima esperienza, che \u00e8 arrivata a coinvolgere fino a un centinaio di associazioni di volontariato, quel gruppetto di volontari non ha voluto rassegnarsi a lasciar disperdere in silenzio il grande patrimonio di energie, idee, entusiasmo, voglia di fare e soprattutto di mettere in relazione, far conoscere, far crescere il volontariato, la cittadinanza attiva, i mille progetti grandi e (soprattutto) piccoli che spesso rappresentano l\u2019unico sostegno per le persone pi\u00f9 deboli e svantaggiate in una citt\u00e0 come Roma negli anni della sciagurata amministrazione Raggi, sempre pi\u00f9 desertificata, mortificata e privata di servizi pubblici essenziali, soprattutto in campo sociale, sanitario, culturale.<\/span><\/span><\/span><\/p><p align=\"left\"><span style=\"color: #ffffff;\"><span style=\"font-size: medium;\"><span style=\"font-family: Montserrat;\">Di qui la scelta di lanciarsi in una nuova avventura, costituendo ad agosto del 2019 un\u2019associazione che si propone<\/span><span style=\"font-family: Montserrat;\">va<\/span><span style=\"font-family: Montserrat;\"> di \u201cpromuovere, innanzitutto nelle periferie fisiche e sociali, le buone pratiche d\u2019informazione e comunicazione attraverso le quali diffondere e mettere a rete la conoscenza delle realt\u00e0 d\u2019impegno sociale, culturale, politico e civico in particolare del volontariato e del terzo settore, la realizzazione e diffusione di prodotti d\u2019informazione a sostegno di tali realt\u00e0, la formazione di giovani operatori dell\u2019informazione e della comunicazione.\u201d<\/span><\/span><\/span><\/p><p align=\"left\"><span style=\"color: #ffffff;\"><span style=\"font-family: Montserrat;\"><span style=\"font-size: medium;\">La prima e pi\u00f9 importante attivit\u00e0 dell\u2019associazione fu la realizzazione di una web radio, aperta 24 ore su 24, 7 giorni alla settimana, alle voci del volontariato individuale e collettivo, dell\u2019associazionismo, del terzo settore. Senza filtri, senza censure, senza interferenze esterne. Ma anche \u2013 su questo non eravamo e non siamo disposti a transigere \u2013 senza discorsi d\u2019odio, senza insulti, senza false notizie.<\/span><\/span><\/span><\/p><p align=\"left\"><span style=\"color: #ffffff;\"><span style=\"font-family: Montserrat;\"><span style=\"font-size: medium;\">L\u2019esperienza di quei 3 anni \u2013 che hanno coinciso con l\u2019operativit\u00e0 dell\u2019associazione, ora disciolta \u2013 ci ha convinti della necessit\u00e0 di trovare nuove forme di comunicazione con il pubblico: la sempre pi\u00f9 vasta diffusione, sia nell\u2019intrattenimento sia nell\u2019informazione, di piattaforme <i>on demand<\/i> (da Spotify a Apple Music, da YouTube a Netflix) ha reso ormai comune l\u2019abitudine di costruirsi palinsesti personali per ascoltare i contenuti preferiti nel momento preferito e non quando la classica trasmissione lineare a orari prefissati impone di sintonizzarsi in quel momento oppure rinunciare ad ascoltare quella trasmissione.<\/span><\/span><\/span><\/p><p align=\"left\"><span style=\"color: #ffffff;\"><span style=\"font-family: Montserrat;\"><span style=\"font-size: medium;\">Per questo nel 2022 abbiamo deciso di compiere un ulteriore passo: la radio si \u00e8 trasformata in una rete (oggi a gestione privata ma con la stessa vocazione sociale, solidaristica e senza scopo di lucro) di podcast gratuiti, pi\u00f9 agile, pi\u00f9 fruibile, qui o sulle diverse piattaforme. Una rete in cui, esattamente come \u00e8 stato per la radio, associazioni, istituzioni locali, singoli volontari possono inserire i loro contenuti.<\/span><\/span><\/span><\/p><p align=\"left\"><span style=\"color: #ffffff;\"><span style=\"font-family: Montserrat;\"><span style=\"font-size: medium;\">Chi pu\u00f2 candidarsi a diventare parte della rete realizzando un proprio podcast? Chiunque s\u2019impegni a rispettare i valori fondamentali della Costituzione della Repubblica italiana, le Dichiarazioni dei diritti umani, i valori dell\u2019antifascismo e del rifiuto di qualsiasi forma di razzismo e di discriminazione di genere e le norme di legge e deontologiche a partire dal Testo unico dei doveri del giornalista, che a termini di legge vale per chiunque diffonda informazioni a qualsiasi titolo e con qualsiasi mezzo<\/span><\/span><\/span><\/p>\t\t\t\t\t\t\t\t<\/div>\n\t\t\t\t\t<\/div>\n\t\t<\/div>\n\t\t\t\t\t<\/div>\n\t\t<\/section>\n\t\t<div class=\"elementor-element elementor-element-75ed52f e-flex e-con-boxed e-con e-parent\" data-id=\"75ed52f\" data-element_type=\"container\">\n\t\t\t\t\t<div class=\"e-con-inner\">\n\t\t\t\t<div class=\"elementor-element elementor-element-d80ebe3 elementor-widget elementor-widget-image\" data-id=\"d80ebe3\" data-element_type=\"widget\" data-widget_type=\"image.default\">\n\t\t\t\t\t\t\t\t\t\t\t\t\t\t\t<img fetchpriority=\"high\" decoding=\"async\" width=\"722\" height=\"722\" src=\"https:\/\/podcastorto.it\/wp-content\/uploads\/2025\/09\/radiodpdt.png\" class=\"attachment-large size-large wp-image-1049\" alt=\"\" srcset=\"https:\/\/podcastorto.it\/wp-content\/uploads\/2025\/09\/radiodpdt.png 722w, https:\/\/podcastorto.it\/wp-content\/uploads\/2025\/09\/radiodpdt-300x300.png 300w, https:\/\/podcastorto.it\/wp-content\/uploads\/2025\/09\/radiodpdt-150x150.png 150w\" sizes=\"(max-width: 722px) 100vw, 722px\" \/>\t\t\t\t\t\t\t\t\t\t\t\t\t\t\t<\/div>\n\t\t\t\t\t<\/div>\n\t\t\t\t<\/div>\n\t\t<div class=\"elementor-element elementor-element-c7a1cc6 e-flex e-con-boxed e-con e-parent\" data-id=\"c7a1cc6\" data-element_type=\"container\">\n\t\t\t\t\t<div class=\"e-con-inner\">\n\t\t\t\t<div class=\"elementor-element elementor-element-15c4eb7 elementor-widget elementor-widget-text-editor\" data-id=\"15c4eb7\" data-element_type=\"widget\" data-widget_type=\"text-editor.default\">\n\t\t\t\t\t\t\t\t\t<p><span style=\"color: #ffffff;\"><span style=\"font-family: Montserrat;\"><span style=\"font-size: large;\">www.podcastorto.it \u00e8 il sito senza scopo di lucro <\/span><\/span><span style=\"font-family: Montserrat;\"><span style=\"font-size: large;\">della rete Podcast <\/span><\/span><span style=\"font-family: Montserrat;\"><span style=\"font-size: large;\">Dalla <\/span><\/span><span style=\"font-family: Montserrat;\"><span style=\"font-size: large;\">P<\/span><\/span><span style=\"font-family: Montserrat;\"><span style=\"font-size: large;\">arte <\/span><\/span><span style=\"font-family: Montserrat;\"><span style=\"font-size: large;\">D<\/span><\/span><span style=\"font-family: Montserrat;\"><span style=\"font-size: large;\">el <\/span><\/span><span style=\"font-family: Montserrat;\"><span style=\"font-size: large;\">T<\/span><\/span><span style=\"font-family: Montserrat;\"><span style=\"font-size: large;\">orto \u2013 La voce di chi non ha voce\u201d e non rappresenta una testata giornalistica; non pu\u00f2 pertanto considerarsi un prodotto editoriale ai sensi degli artt. 1 e 5 della L. 8 febbraio 1948 n. 47, della L. 7 marzo 2001 n. 62 e del D.Lgs. 9 aprile 2003 n. 70.<\/span><\/span><\/span><\/p>\n<p><span style=\"color: #ffffff;\"><span style=\"font-family: Montserrat;\"><span style=\"font-size: large;\">Tutti i testi e i commenti pubblicati in questo sito \u2013 a eccezione di quelli firmati \u201cDalla parte del torto\u201d \u2013 rappresentano esclusivamente le opinioni dei loro rispettivi autori e non corrispondono necessariamente alle opinioni e posizioni della rete.<\/span><\/span><\/span><\/p>\n<p><span style=\"color: #ffffff;\"><span style=\"font-family: Montserrat;\"><span style=\"font-size: large;\">Questo sito rispetta scrupolosamente le norme sul diritto d\u2019autore. Ogni sforzo viene messo in atto per verificare che testi, immagini, file audio e video provenienti da fonti esterne e pubblicati in questo sito siano liberi da copyright. Qualora, nonostante ci\u00f2, qualcuno riconoscesse del proprio materiale coperto da copyright e non volesse vederlo pubblicato su questo sito, baster\u00e0 segnalarlo scrivendo a segnalazioni@podcastorto.it per ottenerne l\u2019immediata rimozione.<\/span><\/span><\/span><\/p>\n<p><span style=\"color: #ffffff;\"><span style=\"font-family: Montserrat;\"><span style=\"font-size: large;\">Tutti i contenuti di questo sito \u2013 testi, immagini, file audio e video \u2013 sono rilasciati sotto licenza&nbsp;<\/span><\/span><\/span><span style=\"color: #ffffff;\"><span style=\"font-family: var font-Work-Sans;\"><span style=\"font-size: large;\"><a href=\"https:\/\/creativecommons.org\/licenses\/by-nc-nd\/4.0\/\" target=\"_blank\" rel=\"noopener\">Creative Commons Attribution-NonCommercial-NoDerivs 4.0 Unported License.<\/a><\/span><\/span><\/span><\/p>\t\t\t\t\t\t\t\t<\/div>\n\t\t\t\t<div class=\"elementor-element elementor-element-38540f6 elementor-widget elementor-widget-image\" data-id=\"38540f6\" data-element_type=\"widget\" data-widget_type=\"image.default\">\n\t\t\t\t\t\t\t\t\t\t\t\t\t\t\t<img decoding=\"async\" width=\"468\" height=\"169\" src=\"https:\/\/podcastorto.it\/wp-content\/uploads\/2025\/10\/CC-license.png\" class=\"attachment-large size-large wp-image-1842\" alt=\"\" srcset=\"https:\/\/podcastorto.it\/wp-content\/uploads\/2025\/10\/CC-license.png 468w, https:\/\/podcastorto.it\/wp-content\/uploads\/2025\/10\/CC-license-300x108.png 300w\" sizes=\"(max-width: 468px) 100vw, 468px\" \/>\t\t\t\t\t\t\t\t\t\t\t\t\t\t\t<\/div>\n\t\t\t\t\t<\/div>\n\t\t\t\t<\/div>\n\t\t<div class=\"elementor-element elementor-element-f842e2a e-flex e-con-boxed e-con e-parent\" data-id=\"f842e2a\" data-element_type=\"container\">\n\t\t\t\t\t<div class=\"e-con-inner\">\n\t\t\t\t<div class=\"elementor-element elementor-element-82825da elementor-widget elementor-widget-text-editor\" data-id=\"82825da\" data-element_type=\"widget\" data-widget_type=\"text-editor.default\">\n\t\t\t\t\t\t\t\t\t<p><span style=\"color: #ffffff;\"><span style=\"font-family: Montserrat;\"><span style=\"font-size: large;\">Tutti i contenuti di terze parti usati\/mostrati\/inseriti nei file di questo sito sono o liberi da royalties (non soggetti a diritti SIAE o di qualsiasi altra natura) o di pubblico dominio<\/span><\/span><\/span><\/p><h1 class=\"western\"><span style=\"color: #ffffff;\"><span style=\"font-family: Work Sans, sans-serif;\"><span style=\"font-size: large;\"><b>PRIVACY<\/b><\/span><\/span><\/span><\/h1><p><span style=\"color: #000000;\"><span style=\"font-size: large;\"><span style=\"color: #ffffff;\"><span style=\"font-family: Montserrat;\">Le informative estese sulla privacy e sui cookies sono disponibili rispettivamente <a href=\"https:\/\/podcastorto.it\/index.php\/privacy-policy\/\">qui<\/a> e <a href=\"https:\/\/podcastorto.it\/index.php\/politica-sui-cookie-2\/\">qui<\/a><\/span><\/span><\/span><\/span><\/p>\t\t\t\t\t\t\t\t<\/div>\n\t\t\t\t\t<\/div>\n\t\t\t\t<\/div>\n\t\t\t\t<\/div>\n\t\t","protected":false},"excerpt":{"rendered":"<p>Inizialmente, nel 2017, \u201cDalla parte del torto\u201d era il titolo di una trasmissione notturna (e del gruppetto di volontari che la realizzava) di Radio Impegno, la web radio che trasmetteva dal Campo dei miracoli di Corviale a Roma. Dopo l\u2019esaurimento di quella bellissima esperienza, che \u00e8 arrivata a coinvolgere fino a un centinaio di associazioni&#8230;<\/p>\n","protected":false},"author":1,"featured_media":0,"parent":0,"menu_order":0,"comment_status":"closed","ping_status":"closed","template":"","meta":{"sync_status":"","episode_type":"","audio_file":"","castos_file_data":"","podmotor_file_id":"","cover_image":"","cover_image_id":"","duration":"","filesize":"","filesize_raw":"","date_recorded":"","explicit":"","block":"","itunes_episode_number":"","itunes_title":"","itunes_season_number":"","itunes_episode_type":"","footnotes":""},"class_list":["post-272","page","type-page","status-publish","hentry"],"_links":{"self":[{"href":"https:\/\/podcastorto.it\/index.php\/wp-json\/wp\/v2\/pages\/272","targetHints":{"allow":["GET"]}}],"collection":[{"href":"https:\/\/podcastorto.it\/index.php\/wp-json\/wp\/v2\/pages"}],"about":[{"href":"https:\/\/podcastorto.it\/index.php\/wp-json\/wp\/v2\/types\/page"}],"author":[{"embeddable":true,"href":"https:\/\/podcastorto.it\/index.php\/wp-json\/wp\/v2\/users\/1"}],"replies":[{"embeddable":true,"href":"https:\/\/podcastorto.it\/index.php\/wp-json\/wp\/v2\/comments?post=272"}],"version-history":[{"count":20,"href":"https:\/\/podcastorto.it\/index.php\/wp-json\/wp\/v2\/pages\/272\/revisions"}],"predecessor-version":[{"id":3011,"href":"https:\/\/podcastorto.it\/index.php\/wp-json\/wp\/v2\/pages\/272\/revisions\/3011"}],"wp:attachment":[{"href":"https:\/\/podcastorto.it\/index.php\/wp-json\/wp\/v2\/media?parent=272"}],"curies":[{"name":"wp","href":"https:\/\/api.w.org\/{rel}","templated":true}]}}